{"id":8517,"date":"2022-12-16T08:31:36","date_gmt":"2022-12-16T08:31:36","guid":{"rendered":"https:\/\/shop.sonbrull.com\/producto\/moment-son-brull\/"},"modified":"2025-03-12T14:50:13","modified_gmt":"2025-03-12T13:50:13","slug":"moment-son-brull","status":"publish","type":"product","link":"https:\/\/shop.sonbrull.com\/de\/producto\/moment-son-brull\/","title":{"rendered":"Moment Son Brull"},"content":{"rendered":"<div class=\"wpb-content-wrapper\"><p>[vc_row][vc_column width=&#8220;1\/3&#8243;][vc_column_text woodmart_inline=&#8220;no&#8220; text_larger=&#8220;no&#8220;]<strong>Inklusive<\/strong><br \/>\nEine Nacht in einem Zimmer der Superior-Kategorie inklusive Fr\u00fchst\u00fcck.<br \/>\nAbendessen im 3\/65 Restaurant mit einem 5-G\u00e4nge-Degustationsmen\u00fc. Getr\u00e4nke nicht inbegriffen.<br \/>\nFreier Zugang zu den Spa-Einrichtungen.[\/vc_column_text][\/vc_column][vc_column width=&#8220;1\/3&#8243;][vc_column_text woodmart_inline=&#8220;no&#8220; text_larger=&#8220;no&#8220;]<strong>G\u00fcltigkeit<\/strong><br \/>\n2 Jahre.<\/p>\n<p><strong>Nutzungsbedingungen<\/strong><br \/>\nJe nach Verf\u00fcgbarkeit. Bei vorheriger Reservierung durch direkte Kontaktaufnahme per E-Mail info@sonbrull.com oder Telefon +34 971535353 unter Angabe der MOMENT-Referenznummer.<br \/>\nDas Originaldokument muss am reservierten Tag vorgelegt werden.[\/vc_column_text][\/vc_column][vc_column width=&#8220;1\/3&#8243;][vc_column_text woodmart_inline=&#8220;no&#8220; text_larger=&#8220;no&#8220;]<strong>Lieferung<\/strong><br \/>\n1. Per E-Mail mit angeh\u00e4ngtem Dokument im PDF-Format (Foto): inklusive.<br \/>\nMOMENTS per E-Mail werden sofort nach dem Kauf versendet. El MOMENT se adjunta en formato PDF y se env\u00eda por separado del correo electr\u00f3nico de confirmaci\u00f3n de pedido. Um die Zustellung sicherzustellen, f\u00fcgen Sie noreply@sonbrull.com zu Ihrer Liste sicherer Absender hinzu.<br \/>\n2. Geschenkpaket mit Abholung in Son Brull (Foto): 10 \u20ac Aufpreis[\/vc_column_text][\/vc_column][\/vc_row]<\/p>\n<\/div>","protected":false},"excerpt":{"rendered":"<p>F\u00fcr 2 Personen.<\/p>\n<p>Eine Nacht in einem Zimmer der Superior-Kategorie inklusive Fr\u00fchst\u00fcck.<br \/>\nAbendessen im 3\/65 Restaurant mit einem 5-G\u00e4nge-Degustationsmen\u00fc. Getr\u00e4nke nicht inbegriffen.<br \/>\nFreier Zugang zu den Spa-Einrichtungen.<\/p>\n","protected":false},"featured_media":8602,"template":"","meta":[],"product_brand":[],"product_cat":[113,110],"product_tag":[],"class_list":{"0":"post-8517","1":"product","2":"type-product","3":"status-publish","4":"has-post-thumbnail","6":"product_cat-geschenke","7":"product_cat-moments-de","9":"first","10":"instock","11":"sold-individually","12":"taxable","13":"shipping-taxable","14":"purchasable","15":"product-type-simple"},"_links":{"self":[{"href":"https:\/\/shop.sonbrull.com\/de\/wp-json\/wp\/v2\/product\/8517","targetHints":{"allow":["GET"]}}],"collection":[{"href":"https:\/\/shop.sonbrull.com\/de\/wp-json\/wp\/v2\/product"}],"about":[{"href":"https:\/\/shop.sonbrull.com\/de\/wp-json\/wp\/v2\/types\/product"}],"wp:featuredmedia":[{"embeddable":true,"href":"https:\/\/shop.sonbrull.com\/de\/wp-json\/wp\/v2\/media\/8602"}],"wp:attachment":[{"href":"https:\/\/shop.sonbrull.com\/de\/wp-json\/wp\/v2\/media?parent=8517"}],"wp:term":[{"taxonomy":"product_brand","embeddable":true,"href":"https:\/\/shop.sonbrull.com\/de\/wp-json\/wp\/v2\/product_brand?post=8517"},{"taxonomy":"product_cat","embeddable":true,"href":"https:\/\/shop.sonbrull.com\/de\/wp-json\/wp\/v2\/product_cat?post=8517"},{"taxonomy":"product_tag","embeddable":true,"href":"https:\/\/shop.sonbrull.com\/de\/wp-json\/wp\/v2\/product_tag?post=8517"}],"curies":[{"name":"wp","href":"https:\/\/api.w.org\/{rel}","templated":true}]}}