{"id":8808,"date":"2023-06-12T11:31:22","date_gmt":"2023-06-12T09:31:22","guid":{"rendered":"https:\/\/shop.sonbrull.com\/producto\/moment-valor-100e\/"},"modified":"2024-02-05T17:07:44","modified_gmt":"2024-02-05T16:07:44","slug":"moment-valor-100e","status":"publish","type":"product","link":"https:\/\/shop.sonbrull.com\/de\/producto\/moment-valor-100e\/","title":{"rendered":"Moment Wert 100\u20ac"},"content":{"rendered":"<div class=\"wpb-content-wrapper\"><p>[vc_row][vc_column width=&#8220;1\/3&#8243;][vc_column_text woodmart_inline=&#8220;no&#8220; text_larger=&#8220;no&#8220;]<strong>Incluye<\/strong><br \/>\nCr\u00e9dito para utilizar en cualquiera de los servicios ofrecidos en Son Brull: alojamiento, bar, Bistr\u00f3, 3\/65 Restaurant y Santuario de Bienestar.[\/vc_column_text][\/vc_column][vc_column width=&#8220;1\/3&#8243;][vc_column_text woodmart_inline=&#8220;no&#8220; text_larger=&#8220;no&#8220;]<strong>G\u00fcltigkeit<\/strong><br \/>\n2 Jahre.<\/p>\n<p><strong>Nutzungsbedingungen<\/strong><br \/>\nDas Originaldokument muss zum Zeitpunkt der Zahlung f\u00fcr die reservierte Leistung vorgelegt werden.[\/vc_column_text][\/vc_column][vc_column width=&#8220;1\/3&#8243;][vc_column_text woodmart_inline=&#8220;no&#8220; text_larger=&#8220;no&#8220;]<strong>Entrega<\/strong><br \/>\n1. Por correo electr\u00f3nico con documento adjunto en formato pdf (foto): incluido.<br \/>\nLos MOMENTS por correo electr\u00f3nico se env\u00edan inmediatamente despu\u00e9s de la compra. El MOMENT se adjunta en formato PDF y se env\u00eda por separado del correo electr\u00f3nico de confirmaci\u00f3n de pedido. Para garantizar la entrega, agrega noreply@sonbrull.com a tu lista de remitentes seguros.<br \/>\n2. Paquete regalo con recogida en Son Brull (foto): suplemento 10\u20ac.[\/vc_column_text][\/vc_column][\/vc_row]<\/p>\n<\/div>","protected":false},"excerpt":{"rendered":"<p>Schenken Sie Freiheit. Der Betrag, den Sie als Gutschrift f\u00fcr eine der Dienstleistungen von Son Brull verwenden m\u00f6chten.<\/p>\n<p>Guthaben zur Nutzung f\u00fcr alle im Son Brull angebotenen Dienstleistungen: Unterkunft, Bar, Bistro, 365 Restaurant und Wellness Sanctuary.<\/p>\n","protected":false},"featured_media":9073,"template":"","meta":[],"product_brand":[],"product_cat":[113,110],"product_tag":[],"class_list":{"0":"post-8808","1":"product","2":"type-product","3":"status-publish","4":"has-post-thumbnail","6":"product_cat-geschenke","7":"product_cat-moments-de","9":"first","10":"instock","11":"sold-individually","12":"taxable","13":"shipping-taxable","14":"purchasable","15":"product-type-simple"},"_links":{"self":[{"href":"https:\/\/shop.sonbrull.com\/de\/wp-json\/wp\/v2\/product\/8808","targetHints":{"allow":["GET"]}}],"collection":[{"href":"https:\/\/shop.sonbrull.com\/de\/wp-json\/wp\/v2\/product"}],"about":[{"href":"https:\/\/shop.sonbrull.com\/de\/wp-json\/wp\/v2\/types\/product"}],"wp:featuredmedia":[{"embeddable":true,"href":"https:\/\/shop.sonbrull.com\/de\/wp-json\/wp\/v2\/media\/9073"}],"wp:attachment":[{"href":"https:\/\/shop.sonbrull.com\/de\/wp-json\/wp\/v2\/media?parent=8808"}],"wp:term":[{"taxonomy":"product_brand","embeddable":true,"href":"https:\/\/shop.sonbrull.com\/de\/wp-json\/wp\/v2\/product_brand?post=8808"},{"taxonomy":"product_cat","embeddable":true,"href":"https:\/\/shop.sonbrull.com\/de\/wp-json\/wp\/v2\/product_cat?post=8808"},{"taxonomy":"product_tag","embeddable":true,"href":"https:\/\/shop.sonbrull.com\/de\/wp-json\/wp\/v2\/product_tag?post=8808"}],"curies":[{"name":"wp","href":"https:\/\/api.w.org\/{rel}","templated":true}]}}