{"id":8763,"date":"2023-06-12T11:02:57","date_gmt":"2023-06-12T09:02:57","guid":{"rendered":"https:\/\/shop.sonbrull.com\/producto\/moment-santuari\/"},"modified":"2024-03-11T13:18:07","modified_gmt":"2024-03-11T12:18:07","slug":"moment-santuari","status":"publish","type":"product","link":"https:\/\/shop.sonbrull.com\/en\/producto\/moment-santuari\/","title":{"rendered":"Moment Santuari"},"content":{"rendered":"<div class=\"wpb-content-wrapper\"><p>[vc_row][vc_column width=&#8221;1\/3&#8243;][vc_column_text woodmart_inline=&#8221;no&#8221; text_larger=&#8221;no&#8221;]<strong>Includes<\/strong><br \/>\n60-minute Son Brull Sanctuary Massage.[\/vc_column_text][\/vc_column][vc_column width=&#8221;1\/3&#8243;][vc_column_text woodmart_inline=&#8221;no&#8221; text_larger=&#8221;no&#8221;]<strong>Validity<\/strong><br \/>\n2 year.<\/p>\n<p><strong>Conditions of use<\/strong><br \/>\nSubject to availability. With prior reservation by contacting directly via email info@sonbrull.com or telephone +34 971535353, providing the MOMENT reference number.<br \/>\nThe original document must be presented on the reserved day.[\/vc_column_text][\/vc_column][vc_column width=&#8221;1\/3&#8243;][vc_column_text woodmart_inline=&#8221;no&#8221; text_larger=&#8221;no&#8221;]<strong>Entrega<\/strong><br \/>\n1. Por correo electr\u00f3nico con documento adjunto en formato pdf (foto): incluido.<br \/>\nLos MOMENTS por correo electr\u00f3nico se env\u00edan inmediatamente despu\u00e9s de la compra. El MOMENT se adjunta en formato PDF y se env\u00eda por separado del correo electr\u00f3nico de confirmaci\u00f3n de pedido. Para garantizar la entrega, agrega noreply@sonbrull.com a tu lista de remitentes seguros.<br \/>\n2. Paquete regalo con recogida en Son Brull (foto): suplemento 10\u20ac.[\/vc_column_text][\/vc_column][\/vc_row]<\/p>\n<\/div>","protected":false},"excerpt":{"rendered":"<p>Give the gift of the star massage of our Wellness Sanctuary<\/p>\n<p>For 1 person<\/p>\n<p>60-minute Son Brull Massage.<\/p>\n","protected":false},"featured_media":8620,"template":"","meta":[],"product_brand":[],"product_cat":[99,85],"product_tag":[],"class_list":{"0":"post-8763","1":"product","2":"type-product","3":"status-publish","4":"has-post-thumbnail","6":"product_cat-gifts","7":"product_cat-moments-en","9":"first","10":"instock","11":"sold-individually","12":"taxable","13":"shipping-taxable","14":"purchasable","15":"product-type-simple"},"_links":{"self":[{"href":"https:\/\/shop.sonbrull.com\/en\/wp-json\/wp\/v2\/product\/8763","targetHints":{"allow":["GET"]}}],"collection":[{"href":"https:\/\/shop.sonbrull.com\/en\/wp-json\/wp\/v2\/product"}],"about":[{"href":"https:\/\/shop.sonbrull.com\/en\/wp-json\/wp\/v2\/types\/product"}],"wp:featuredmedia":[{"embeddable":true,"href":"https:\/\/shop.sonbrull.com\/en\/wp-json\/wp\/v2\/media\/8620"}],"wp:attachment":[{"href":"https:\/\/shop.sonbrull.com\/en\/wp-json\/wp\/v2\/media?parent=8763"}],"wp:term":[{"taxonomy":"product_brand","embeddable":true,"href":"https:\/\/shop.sonbrull.com\/en\/wp-json\/wp\/v2\/product_brand?post=8763"},{"taxonomy":"product_cat","embeddable":true,"href":"https:\/\/shop.sonbrull.com\/en\/wp-json\/wp\/v2\/product_cat?post=8763"},{"taxonomy":"product_tag","embeddable":true,"href":"https:\/\/shop.sonbrull.com\/en\/wp-json\/wp\/v2\/product_tag?post=8763"}],"curies":[{"name":"wp","href":"https:\/\/api.w.org\/{rel}","templated":true}]}}