{"id":9181,"date":"2023-02-27T12:13:28","date_gmt":"2023-02-27T11:13:28","guid":{"rendered":"https:\/\/shop.sonbrull.com\/politica-cancelacion\/"},"modified":"2024-02-05T15:33:32","modified_gmt":"2024-02-05T14:33:32","slug":"politica-cancelacion","status":"publish","type":"page","link":"https:\/\/shop.sonbrull.com\/fr\/politica-cancelacion\/","title":{"rendered":"Politique d&rsquo;annulation"},"content":{"rendered":"\n<p class=\"p1\">Nous acceptons les annulations sans frais jusqu&rsquo;\u00e0 24 heures avant le rendez-vous confirm\u00e9. Pass\u00e9 ce d\u00e9lai, le montant total du soin contract\u00e9 sera factur\u00e9.<\/p>\n","protected":false},"excerpt":{"rendered":"<p>Nous acceptons les annulations sans frais jusqu&rsquo;\u00e0 24 heures avant le rendez-vous confirm\u00e9. Pass\u00e9 ce d\u00e9lai, le montant total du<\/p>\n","protected":false},"author":1,"featured_media":0,"parent":0,"menu_order":0,"comment_status":"closed","ping_status":"closed","template":"","meta":{"footnotes":""},"class_list":["post-9181","page","type-page","status-publish","hentry"],"_links":{"self":[{"href":"https:\/\/shop.sonbrull.com\/fr\/wp-json\/wp\/v2\/pages\/9181","targetHints":{"allow":["GET"]}}],"collection":[{"href":"https:\/\/shop.sonbrull.com\/fr\/wp-json\/wp\/v2\/pages"}],"about":[{"href":"https:\/\/shop.sonbrull.com\/fr\/wp-json\/wp\/v2\/types\/page"}],"author":[{"embeddable":true,"href":"https:\/\/shop.sonbrull.com\/fr\/wp-json\/wp\/v2\/users\/1"}],"replies":[{"embeddable":true,"href":"https:\/\/shop.sonbrull.com\/fr\/wp-json\/wp\/v2\/comments?post=9181"}],"version-history":[{"count":1,"href":"https:\/\/shop.sonbrull.com\/fr\/wp-json\/wp\/v2\/pages\/9181\/revisions"}],"predecessor-version":[{"id":9184,"href":"https:\/\/shop.sonbrull.com\/fr\/wp-json\/wp\/v2\/pages\/9181\/revisions\/9184"}],"wp:attachment":[{"href":"https:\/\/shop.sonbrull.com\/fr\/wp-json\/wp\/v2\/media?parent=9181"}],"curies":[{"name":"wp","href":"https:\/\/api.w.org\/{rel}","templated":true}]}}