{"id":8514,"date":"2022-12-16T08:31:36","date_gmt":"2022-12-16T08:31:36","guid":{"rendered":"https:\/\/shop.sonbrull.com\/producto\/moment-son-brull\/"},"modified":"2025-03-12T14:49:08","modified_gmt":"2025-03-12T13:49:08","slug":"moment-son-brull","status":"publish","type":"product","link":"https:\/\/shop.sonbrull.com\/fr\/producto\/moment-son-brull\/","title":{"rendered":"Moment Son Brull"},"content":{"rendered":"<div class=\"wpb-content-wrapper\"><p>[vc_row][vc_column width=\u00a0\u00bb1\/3&Prime;][vc_column_text woodmart_inline=\u00a0\u00bbno\u00a0\u00bb text_larger=\u00a0\u00bbno\u00a0\u00bb]<strong>Comprend<\/strong><br \/>\nUne nuit en chambre de cat\u00e9gorie Sup\u00e9rieure avec petit-d\u00e9jeuner inclus.<br \/>\nD\u00eener au restaurant 3\/65 avec un menu d\u00e9gustation de 5 plats. Boissons non incluses.<br \/>\nAcc\u00e8s gratuit aux installations du Spa.[\/vc_column_text][\/vc_column][vc_column width=\u00a0\u00bb1\/3&Prime;][vc_column_text woodmart_inline=\u00a0\u00bbno\u00a0\u00bb text_larger=\u00a0\u00bbno\u00a0\u00bb]<strong>Validit\u00e9<\/strong><br \/>\n2 ans.<\/p>\n<p><strong>Conditions d&rsquo;utilisation<\/strong><br \/>\nSoumis \u00e0 la disponibilit\u00e9. Sur r\u00e9servation pr\u00e9alable en contactant directement par email info@sonbrull.com ou par t\u00e9l\u00e9phone +34 971535353, en indiquant le num\u00e9ro de r\u00e9f\u00e9rence MOMENT.<br \/>\nLe document original doit \u00eatre pr\u00e9sent\u00e9 le jour r\u00e9serv\u00e9.[\/vc_column_text][\/vc_column][vc_column width=\u00a0\u00bb1\/3&Prime;][vc_column_text woodmart_inline=\u00a0\u00bbno\u00a0\u00bb text_larger=\u00a0\u00bbno\u00a0\u00bb]<strong>Livraison<\/strong><br \/>\n1. Par email avec document joint au format pdf (photo) : inclus.<br \/>\nLes MOMENTS par email sont envoy\u00e9s imm\u00e9diatement apr\u00e8s l&rsquo;achat. Le MOMENT est joint au format PDF et est envoy\u00e9 s\u00e9par\u00e9ment de l&#8217;email de confirmation de commande. Pour garantir la livraison, ajoutez noreply@sonbrull.com \u00e0 votre liste d&rsquo;exp\u00e9diteurs approuv\u00e9s.<br \/>\n2. Paquet cadeau avec retrait \u00e0 Son Brull (photo) : suppl\u00e9ment de 10 \u20ac[\/vc_column_text][\/vc_column][\/vc_row]<\/p>\n<\/div>","protected":false},"excerpt":{"rendered":"<p>Pour 2 personnes.<\/p>\n<p>Une nuit en chambre de cat\u00e9gorie Sup\u00e9rieure avec petit-d\u00e9jeuner inclus.<br \/>\nD\u00eener au restaurant 3\/65 avec un menu d\u00e9gustation de 5 plats. Boissons non incluses.<br \/>\nAcc\u00e8s gratuit aux installations du Spa.<\/p>\n","protected":false},"featured_media":8601,"template":"","meta":[],"product_brand":[],"product_cat":[112,109],"product_tag":[],"class_list":{"0":"post-8514","1":"product","2":"type-product","3":"status-publish","4":"has-post-thumbnail","6":"product_cat-cadeaux","7":"product_cat-moments-fr","9":"first","10":"instock","11":"sold-individually","12":"taxable","13":"shipping-taxable","14":"purchasable","15":"product-type-simple"},"_links":{"self":[{"href":"https:\/\/shop.sonbrull.com\/fr\/wp-json\/wp\/v2\/product\/8514","targetHints":{"allow":["GET"]}}],"collection":[{"href":"https:\/\/shop.sonbrull.com\/fr\/wp-json\/wp\/v2\/product"}],"about":[{"href":"https:\/\/shop.sonbrull.com\/fr\/wp-json\/wp\/v2\/types\/product"}],"wp:featuredmedia":[{"embeddable":true,"href":"https:\/\/shop.sonbrull.com\/fr\/wp-json\/wp\/v2\/media\/8601"}],"wp:attachment":[{"href":"https:\/\/shop.sonbrull.com\/fr\/wp-json\/wp\/v2\/media?parent=8514"}],"wp:term":[{"taxonomy":"product_brand","embeddable":true,"href":"https:\/\/shop.sonbrull.com\/fr\/wp-json\/wp\/v2\/product_brand?post=8514"},{"taxonomy":"product_cat","embeddable":true,"href":"https:\/\/shop.sonbrull.com\/fr\/wp-json\/wp\/v2\/product_cat?post=8514"},{"taxonomy":"product_tag","embeddable":true,"href":"https:\/\/shop.sonbrull.com\/fr\/wp-json\/wp\/v2\/product_tag?post=8514"}],"curies":[{"name":"wp","href":"https:\/\/api.w.org\/{rel}","templated":true}]}}